{"id":20360,"date":"2024-01-12T09:06:29","date_gmt":"2024-01-12T09:06:29","guid":{"rendered":"https:\/\/carteblancheparties.com\/sesion-de-masaje-premium-en-ibiza\/"},"modified":"2025-06-29T23:55:07","modified_gmt":"2025-06-29T23:55:07","slug":"sesion-de-masaje-premium-en-ibiza","status":"publish","type":"page","link":"https:\/\/carteblancheparties.com\/es\/sesion-de-masaje-premium-en-ibiza\/","title":{"rendered":"Sesi\u00f3n de masaje premium en Ibiza"},"content":{"rendered":"<p><div class=\"fusion-fullwidth fullwidth-box fusion-builder-row-1 fusion-flex-container fusion-parallax-none topcontainerexperiences hundred-percent-fullwidth non-hundred-percent-height-scrolling\" style=\"--awb-background-blend-mode:overlay;--awb-border-radius-top-left:0px;--awb-border-radius-top-right:0px;--awb-border-radius-bottom-right:0px;--awb-border-radius-bottom-left:0px;--awb-padding-top:15px;--awb-padding-right:30px;--awb-padding-bottom:30px;--awb-padding-left:30px;--awb-padding-right-small:30px;--awb-margin-top-small:15px;--awb-min-height:500px;--awb-background-color:#282828;--awb-background-image:url(&quot;https:\/\/carteblancheparties.com\/wp-content\/uploads\/2023\/11\/BANFF-LUXURY-MASSAGE.jpg&quot;);--awb-background-size:cover;--awb-flex-wrap:wrap;\" ><div class=\"fusion-builder-row fusion-row fusion-flex-align-items-flex-start fusion-flex-content-wrap\" style=\"width:104% !important;max-width:104% !important;margin-left: calc(-4% \/ 2 );margin-right: calc(-4% \/ 2 );\"><div class=\"fusion-layout-column fusion_builder_column fusion-builder-column-0 fusion_builder_column_1_1 1_1 fusion-flex-column fusion-flex-align-self-flex-end topcolumnexperiences\" style=\"--awb-padding-bottom-small:15.988600000000002px;--awb-bg-color:rgba(0,0,0,0);--awb-bg-color-hover:rgba(0,0,0,0);--awb-bg-size:cover;--awb-width-large:100%;--awb-margin-top-large:15px;--awb-spacing-right-large:1.92%;--awb-margin-bottom-large:0px;--awb-spacing-left-large:1.92%;--awb-width-medium:100%;--awb-order-medium:0;--awb-spacing-right-medium:1.92%;--awb-spacing-left-medium:1.92%;--awb-width-small:100%;--awb-order-small:0;--awb-margin-top-small:30px;--awb-spacing-right-small:1.92%;--awb-spacing-left-small:1.92%;\"><div class=\"fusion-column-wrapper fusion-column-has-shadow fusion-flex-justify-content-flex-start fusion-content-layout-column\"><div class=\"fusion-text fusion-text-1 titleofexperience\" style=\"--awb-margin-right:150px;\"><h1 class=\"experiencetitlepage\">SESI\u00d3N DE MASAJE PREMIUM EN IBIZA<\/h1>\n<\/div><div class=\"fusion-text fusion-text-2 fusion-text-no-margin extrapara\" style=\"--awb-margin-bottom:0px;\"><p>Consiente a tu grupo con un masaje exclusivo en Ibiza. Disfrutareis de una de las experiencias m\u00e1s relajantes e indulgentes que ofrecemos, estamos seguros de que os encantar\u00e1.<\/p>\n<\/div><div class=\"fusion-text fusion-text-3 experience description\"><div><style>\np { \ncolor: #ffffff;\n}\n<\/style>\n<p>Indulge in a 1 hour relaxation and therapeutic massage, instantly leaving you feeling rejuvenated and refreshed. In addition to your massage, guests receiving treatments will receive complimentary access to the spa, truly the best girls day out!<\/p>\n<p> <em><\/em>  <i class=\"fb-icon-element-1 fb-icon-element fontawesome-icon fa-clock far circle-yes fusion-text-flow\"><\/i> 1.5 hrs <i class=\"fb-icon-element-2 fb-icon-element fontawesome-icon fa-tag fas circle-yes fusion-text-flow\"><\/i> \u20ac\u20ac\u20ac\u20ac <i class=\"fb-icon-element-3 fb-icon-element fontawesome-icon fa-map-marker-alt fas circle-yes fusion-text-flow\"><\/i>Playa den Bossa<\/p>\n<\/div>\n<\/div><\/div><\/div><\/div><\/div><div class=\"fusion-fullwidth fullwidth-box fusion-builder-row-2 fusion-flex-container photocontainer nonhundred-percent-fullwidth non-hundred-percent-height-scrolling\" style=\"--awb-border-radius-top-left:0px;--awb-border-radius-top-right:0px;--awb-border-radius-bottom-right:0px;--awb-border-radius-bottom-left:0px;--awb-padding-top:0px;--awb-padding-bottom:0px;--awb-margin-top:0px;--awb-margin-bottom:0px;--awb-min-height:0px;--awb-background-color:#ffffff;--awb-flex-wrap:wrap;\" ><div class=\"fusion-builder-row fusion-row fusion-flex-align-items-flex-start fusion-flex-content-wrap\" style=\"max-width:1216.8px;margin-left: calc(-4% \/ 2 );margin-right: calc(-4% \/ 2 );\"><div class=\"fusion-layout-column fusion_builder_column fusion-builder-column-1 fusion_builder_column_1_1 1_1 fusion-flex-column\" style=\"--awb-bg-size:cover;--awb-width-large:100%;--awb-margin-top-large:0px;--awb-spacing-right-large:1.92%;--awb-margin-bottom-large:0px;--awb-spacing-left-large:1.92%;--awb-width-medium:100%;--awb-order-medium:0;--awb-spacing-right-medium:1.92%;--awb-spacing-left-medium:1.92%;--awb-width-small:100%;--awb-order-small:0;--awb-spacing-right-small:1.92%;--awb-spacing-left-small:1.92%;\"><div class=\"fusion-column-wrapper fusion-column-has-shadow fusion-flex-justify-content-flex-start fusion-content-layout-column\"><div class=\"fusion-text fusion-text-4 photoelement\">\n<\/div><\/div><\/div><\/div><\/div><div class=\"fusion-fullwidth fullwidth-box fusion-builder-row-3 fusion-flex-container includesexcludescontainer hundred-percent-fullwidth non-hundred-percent-height-scrolling\" style=\"--awb-background-position:left top;--awb-border-sizes-top:0px;--awb-border-sizes-bottom:0px;--awb-border-sizes-left:0px;--awb-border-sizes-right:0px;--awb-border-radius-top-left:0px;--awb-border-radius-top-right:0px;--awb-border-radius-bottom-right:0px;--awb-border-radius-bottom-left:0px;--awb-padding-top:15px;--awb-padding-right:30px;--awb-padding-bottom:15px;--awb-padding-left:30px;--awb-margin-top:0px;--awb-background-color:#ffffff;--awb-flex-wrap:wrap;\" ><div class=\"fusion-builder-row fusion-row fusion-flex-align-items-flex-start fusion-flex-content-wrap\" style=\"width:calc( 100% + 30px ) !important;max-width:calc( 100% + 30px ) !important;margin-left: calc(-30px \/ 2 );margin-right: calc(-30px \/ 2 );\"><div class=\"fusion-layout-column fusion_builder_column fusion-builder-column-2 fusion_builder_column_1_2 1_2 fusion-flex-column includescolumn\" style=\"--awb-padding-top:5%;--awb-padding-right:5%;--awb-padding-bottom:5%;--awb-padding-left:5%;--awb-padding-left-small:15px;--awb-bg-color:#000000;--awb-bg-color-hover:#000000;--awb-bg-size:cover;--awb-width-large:50%;--awb-margin-top-large:0px;--awb-spacing-right-large:0px;--awb-margin-bottom-large:0px;--awb-spacing-left-large:15px;--awb-width-medium:100%;--awb-order-medium:0;--awb-spacing-right-medium:15px;--awb-spacing-left-medium:15px;--awb-width-small:100%;--awb-order-small:0;--awb-spacing-right-small:0px;--awb-margin-bottom-small:20px;--awb-spacing-left-small:0px;\"><div class=\"fusion-column-wrapper fusion-column-has-shadow fusion-flex-justify-content-flex-start fusion-content-layout-column\"><div class=\"fusion-text fusion-text-5 inclusionstitle\"><h2 class=\"inclusions\">LA SESI\u00d3N DE MASAJE PREMIUM EN IBIZA INCLUYE<\/h2>\n<\/div><div class=\"fusion-separator fusion-full-width-sep inclusionsline\" style=\"align-self: flex-start;margin-right:auto;margin-bottom:15px;width:100%;max-width:100%;\"><div class=\"fusion-separator-border sep-single sep-solid\" style=\"--awb-height:20px;--awb-amount:20px;--awb-sep-color:#0091d3;border-color:#0091d3;border-top-width:2px;\"><\/div><\/div><div class=\"fusion-text fusion-text-6 inclusionpoints\"><p style=\"text-align: center;\"><p class=\"includes\"><i class=\"fb-icon-element-1 fb-icon-element fontawesome-icon fa-check fas circle-yes fusion-text-flow\"><\/i>60 min luxury relaxation massage<\/p>\n<p class=\"includes\"><i class=\"fb-icon-element-1 fb-icon-element fontawesome-icon fa-check fas circle-yes fusion-text-flow\"><\/i>Access to spa facilities<\/p>\n<\/p>\n<\/div><\/div><\/div><div class=\"fusion-layout-column fusion_builder_column fusion-builder-column-3 fusion_builder_column_1_2 1_2 fusion-flex-column excludescolumn\" style=\"--awb-padding-top:5%;--awb-padding-right:5%;--awb-padding-bottom:5%;--awb-padding-left:5%;--awb-padding-left-small:0px;--awb-bg-color:#ffffff;--awb-bg-color-hover:#ffffff;--awb-bg-size:cover;--awb-width-large:50%;--awb-margin-top-large:0px;--awb-spacing-right-large:0px;--awb-margin-bottom-large:0px;--awb-spacing-left-large:15px;--awb-width-medium:100%;--awb-order-medium:0;--awb-spacing-right-medium:15px;--awb-spacing-left-medium:15px;--awb-width-small:100%;--awb-order-small:0;--awb-spacing-right-small:15px;--awb-margin-bottom-small:20px;--awb-spacing-left-small:15px;\"><div class=\"fusion-column-wrapper fusion-column-has-shadow fusion-flex-justify-content-flex-start fusion-content-layout-column\"><div class=\"fusion-text fusion-text-7 exclusionstitle\"><h2 class=\"exclusions\"><span style=\"color: #000000;\">LA SESI\u00d3N DE MASAJE PREMIUM EN IBIZA EXCLUYE<\/span><\/h2>\n<\/div><div class=\"fusion-separator fusion-full-width-sep exclusionsline\" style=\"align-self: flex-start;margin-right:auto;margin-bottom:15px;width:100%;max-width:100%;\"><div class=\"fusion-separator-border sep-single sep-solid\" style=\"--awb-height:20px;--awb-amount:20px;--awb-sep-color:#0091d3;border-color:#0091d3;border-top-width:2px;\"><\/div><\/div><div class=\"fusion-text fusion-text-8 excludespoints\"><p style=\"text-align: center;\"><style>\n.fontawesome-icon.circle-yes {\npadding: 8px;\n}\n<\/style>\n<p style=\"color: #000000;\"><i class=\"fb-icon-element-1 fb-icon-element fontawesome-icon fa-times fas circle-yes fusion-text-flow\"><\/i>Extras<br \/><i class=\"fb-icon-element-1 fb-icon-element fontawesome-icon fa-times fas circle-yes fusion-text-flow\"><\/i>Transportation<\/p>\n<\/p>\n<\/div><\/div><\/div><\/div><\/div><div class=\"fusion-fullwidth fullwidth-box fusion-builder-row-4 fusion-flex-container vibecontainer nonhundred-percent-fullwidth non-hundred-percent-height-scrolling\" style=\"--awb-border-radius-top-left:0px;--awb-border-radius-top-right:0px;--awb-border-radius-bottom-right:0px;--awb-border-radius-bottom-left:0px;--awb-flex-wrap:wrap;\" ><div class=\"fusion-builder-row fusion-row fusion-flex-align-items-flex-start fusion-flex-content-wrap\" style=\"max-width:1216.8px;margin-left: calc(-4% \/ 2 );margin-right: calc(-4% \/ 2 );\"><div class=\"fusion-layout-column fusion_builder_column fusion-builder-column-4 fusion_builder_column_1_3 1_3 fusion-flex-column vibecolumn\" style=\"--awb-bg-size:cover;--awb-width-large:33.333333333333%;--awb-margin-top-large:0px;--awb-spacing-right-large:5.76%;--awb-margin-bottom-large:50px;--awb-spacing-left-large:5.76%;--awb-width-medium:100%;--awb-order-medium:0;--awb-spacing-right-medium:1.92%;--awb-spacing-left-medium:1.92%;--awb-width-small:100%;--awb-order-small:0;--awb-spacing-right-small:1.92%;--awb-spacing-left-small:1.92%;\"><div class=\"fusion-column-wrapper fusion-column-has-shadow fusion-flex-justify-content-flex-start fusion-content-layout-column\"><div class=\"fusion-text fusion-text-9 vibetitle\"><h3 class=\"inclusions\">THE VIBE<\/h3>\n<\/div>\n<div class=\"fusion-text fusion-text-10 vibeparagraph\"><p>Cada persona busca algo distinto en las experiencias que incluye en su fiesta. As\u00ed es como nos gusta valorar el masaje de lujo en Ibiza seg\u00fan 4 categor\u00edas.<\/p>\n<\/div><\/div><\/div><div class=\"fusion-layout-column fusion_builder_column fusion-builder-column-5 fusion_builder_column_2_3 2_3 fusion-flex-column countercirclescolumn fusion-column-inner-bg-wrapper\" style=\"--awb-inner-bg-size:cover;--awb-width-large:66.666666666667%;--awb-margin-top-large:30px;--awb-spacing-right-large:2.88%;--awb-margin-bottom-large:50px;--awb-spacing-left-large:2.88%;--awb-width-medium:100%;--awb-order-medium:0;--awb-spacing-right-medium:1.92%;--awb-spacing-left-medium:1.92%;--awb-width-small:100%;--awb-order-small:0;--awb-margin-top-small:0px;--awb-spacing-right-small:1.92%;--awb-spacing-left-small:1.92%;\"><span class=\"fusion-column-inner-bg hover-type-zoomin\"><span class=\"fusion-column-anchor\"><span class=\"fusion-column-inner-bg-image\"><\/span><\/span><\/span><div class=\"fusion-column-wrapper fusion-column-has-shadow fusion-flex-justify-content-flex-start fusion-content-layout-column\"><div class=\"fusion-counters-circle counters-circle countercircleselement\" data-animationOffset=\"top-into-view\"><div class=\"counter-circle-wrapper\" style=\"--awb-font-size:50px;--awb-size:220px;\" data-originalsize=\"220\"><div class=\"fusion-counter-circle counter-circle counter-circle-content\" data-percent=\"10\" data-countdown=\"\" data-filledcolor=\"rgba(0,145,211,1)\" data-unfilledcolor=\"rgba(62,62,62,1)\" data-scale=\"\" data-size=\"220\" data-speed=\"1500\" data-strokesize=\"11\"><div class=\"fusion-counter-circle-content-inner\">SALVAJE<\/div><\/div><\/div><div class=\"counter-circle-wrapper\" style=\"--awb-font-size:45.454545454545px;--awb-size:200px;\" data-originalsize=\"200\"><div class=\"fusion-counter-circle counter-circle counter-circle-content\" data-percent=\"34\" data-countdown=\"\" data-filledcolor=\"rgba(0,145,211,1)\" data-unfilledcolor=\"rgba(62,62,62,1)\" data-scale=\"\" data-size=\"200\" data-speed=\"1500\" data-strokesize=\"10\"><div class=\"fusion-counter-circle-content-inner\">UNICO<\/div><\/div><\/div><div class=\"counter-circle-wrapper\" style=\"--awb-font-size:45.454545454545px;--awb-size:200px;\" data-originalsize=\"200\"><div class=\"fusion-counter-circle counter-circle counter-circle-content\" data-percent=\"50\" data-countdown=\"\" data-filledcolor=\"rgba(0,145,211,1)\" data-unfilledcolor=\"rgba(62,62,62,1)\" data-scale=\"\" data-size=\"200\" data-speed=\"1500\" data-strokesize=\"10\"><div class=\"fusion-counter-circle-content-inner\">SENSUAL<\/div><\/div><\/div><div class=\"counter-circle-wrapper\" style=\"--awb-font-size:45.454545454545px;--awb-size:200px;\" data-originalsize=\"200\"><div class=\"fusion-counter-circle counter-circle counter-circle-content\" data-percent=\"90\" data-countdown=\"\" data-filledcolor=\"rgba(0,145,211,1)\" data-unfilledcolor=\"rgba(62,62,62,1)\" data-scale=\"\" data-size=\"200\" data-speed=\"1500\" data-strokesize=\"10\"><div class=\"fusion-counter-circle-content-inner\">RELAJADO<\/div><\/div><\/div><\/div><\/div><\/div><\/div><\/div><div class=\"fusion-fullwidth fullwidth-box fusion-builder-row-5 fusion-flex-container buttoncontainer nonhundred-percent-fullwidth non-hundred-percent-height-scrolling\" style=\"--awb-border-radius-top-left:0px;--awb-border-radius-top-right:0px;--awb-border-radius-bottom-right:0px;--awb-border-radius-bottom-left:0px;--awb-background-color:#ffffff;--awb-flex-wrap:wrap;\" ><div class=\"fusion-builder-row fusion-row fusion-flex-align-items-flex-start fusion-flex-content-wrap\" style=\"max-width:1216.8px;margin-left: calc(-4% \/ 2 );margin-right: calc(-4% \/ 2 );\"><div class=\"fusion-layout-column fusion_builder_column fusion-builder-column-6 fusion_builder_column_1_1 1_1 fusion-flex-column buttontohomepage\" style=\"--awb-bg-color:#ffffff;--awb-bg-color-hover:#ffffff;--awb-bg-size:cover;--awb-width-large:100%;--awb-margin-top-large:0px;--awb-spacing-right-large:1.92%;--awb-margin-bottom-large:50px;--awb-spacing-left-large:1.92%;--awb-width-medium:100%;--awb-order-medium:0;--awb-spacing-right-medium:1.92%;--awb-spacing-left-medium:1.92%;--awb-width-small:100%;--awb-order-small:0;--awb-spacing-right-small:1.92%;--awb-spacing-left-small:1.92%;\"><div class=\"fusion-column-wrapper fusion-column-has-shadow fusion-flex-justify-content-flex-start fusion-content-layout-column\"><div ><a class=\"fusion-button button-flat button-xlarge button-default fusion-button-default button-1 fusion-button-default-span fusion-button-default-type buttonelement\" style=\"--button_margin-top:40px;width:calc(100%);\" target=\"_self\" href=\"https:\/\/carteblancheparties.com\/es\/despedidas-de-soltera-y-de-soltero-en-ibiza\/\"><span class=\"fusion-button-text awb-button__text awb-button__text--default\">REGRESAR AL INICIO DE PANTALLA <\/span><\/a><\/div><div class=\"fusion-text fusion-text-11\" style=\"--awb-margin-top:30px;\"><p style=\"text-align: center; font-size: 10px;\"><em><span style=\"color: #000000;\">See what our guests have to say about Carte Blanche Parties <a href=\"https:\/\/www.google.com\/maps\/place\/Carte+Blanche+Parties\/@45.1575501,-128.1448585,3z\/data=!4m7!3m6!1s0x5371701e6b65558d:0x4a30d549647b4716!8m2!3d45.1575501!4d-128.1448585!9m1!1b1\" target=\"_blank\" rel=\"noopener\">here<\/a><\/span><\/em><\/p>\n<\/div>\n<\/div><\/div><\/div><\/div><\/p>\n","protected":false},"excerpt":{"rendered":"","protected":false},"author":3,"featured_media":0,"parent":0,"menu_order":0,"comment_status":"closed","ping_status":"closed","template":"100-width.php","meta":{"footnotes":""},"class_list":["post-20360","page","type-page","status-publish","hentry"],"_links":{"self":[{"href":"https:\/\/carteblancheparties.com\/es\/wp-json\/wp\/v2\/pages\/20360","targetHints":{"allow":["GET"]}}],"collection":[{"href":"https:\/\/carteblancheparties.com\/es\/wp-json\/wp\/v2\/pages"}],"about":[{"href":"https:\/\/carteblancheparties.com\/es\/wp-json\/wp\/v2\/types\/page"}],"author":[{"embeddable":true,"href":"https:\/\/carteblancheparties.com\/es\/wp-json\/wp\/v2\/users\/3"}],"replies":[{"embeddable":true,"href":"https:\/\/carteblancheparties.com\/es\/wp-json\/wp\/v2\/comments?post=20360"}],"version-history":[{"count":0,"href":"https:\/\/carteblancheparties.com\/es\/wp-json\/wp\/v2\/pages\/20360\/revisions"}],"wp:attachment":[{"href":"https:\/\/carteblancheparties.com\/es\/wp-json\/wp\/v2\/media?parent=20360"}],"curies":[{"name":"wp","href":"https:\/\/api.w.org\/{rel}","templated":true}]}}